{"id":106,"date":"2017-06-13T15:42:12","date_gmt":"2017-06-13T15:42:12","guid":{"rendered":"http:\/\/localhost\/wordpress\/?page_id=106"},"modified":"2017-06-14T10:26:20","modified_gmt":"2017-06-14T10:26:20","slug":"condiciones","status":"publish","type":"page","link":"https:\/\/sevensoluciones.com\/?page_id=106","title":{"rendered":"Condiciones"},"content":{"rendered":"<p><span class=\"Texto_M_Naranja\"><strong>Condiciones generales de venta<\/strong><\/span><br \/>\nNuestras ventas est\u00e1n sujetas a las condiciones generales que se exponen a continuaci\u00f3n:<\/p>\n<p><span class=\"Texto_M_Naranja\"><strong>Condiciones de pago<\/strong><\/span><br \/>\nEl pago puede realizarse eligiendo cualquiera de las modalidades siguientes:<\/p>\n<p>A. <b>Contra reembolso,<\/b> con recargo del 5% y un m\u00ednimo de 3 euros, sin IVA, sobre el valor total del pedido.<br \/>\nB. <b>Transferencia bancaria,<\/b> a nuestra cuenta corriente del banco de Sabadell: <b>0081 5397 20 0001031706<\/b><br \/>\nUna vez haya realizado dicha transferencia, deber\u00e1 enviar el<b> justificante <\/b>v\u00eda fax al <b>n\u00b0 902 760 159<\/b> \u00f3 <b>963 815 964<\/b> y autom\u00e1ticamente su pedido ser\u00e1 enviado<br \/>\nC. <b>Mediante cargo en su cuenta bancaria<\/b>, (empresas y aut\u00f3nomos) previa solicitud de apertura de cuenta y su aprobaci\u00f3n por nuestro departamento financiero.<br \/>\n<b>NOTA:<\/b><br \/>\nPara el primer pedido las \u00fanicas formas de pago aceptadas por <b>Seven Soluciones S.L.<\/b> ser\u00e1n contrareembolso o mediante transferencia bancaria.<\/p>\n<p><span class=\"Texto_M_Naranja\"><strong>Pedidos<\/strong><\/span><br \/>\nTodos los pedidos cursados por cualquiera de los medios que ponemos a su disposici\u00f3n estar\u00e1n sujetos a nuestras disponibilidades de suministro. Declinamos cualquier responsabilidad en caso de demoras derivadas por imposibilidad de suministro. Seven Soluciones s\u00f3lo aceptar\u00e1 pedidos de empresa a empresa, no de particulares, reserv\u00e1ndose el derecho de no aceptar dichos pedidos.<\/p>\n<p><span class=\"Texto_M_Naranja\"><strong>Entregas<\/strong><\/span><br \/>\nEn pedidos superiores a 90 euros (sin IVA) los portes ser\u00e1n gratuitos, siendo la mercanc\u00eda entregada siempre en el domicilio del cliente dentro de la pen\u00ednsula. En los inferiores a este importe se efectuar\u00e1 un cargo de 9 euros (sin IVA) en concepto de los gastos de transporte o env\u00edo de mercanc\u00eda.<\/p>\n<p><span class=\"Texto_M_Naranja\"><strong>Variaciones de los productos<\/strong><\/span><br \/>\nLos productos podr\u00e1n variar su embalaje o presentaci\u00f3n as\u00ed como sus caracter\u00edsticas si as\u00ed fuese necesario. En caso de cambio de modelo de referencia los cambios ser\u00e1n indicados previamente.<\/p>\n<p><span class=\"Texto_M_Naranja\"><strong>Precios<\/strong><\/span><br \/>\nLos precios de los productos de este catalogo ser\u00e1n validos desde el 1 de febrero de cada a\u00f1o con una vigencia anual. Precios que figuran en la mencionada tarifa son netos y sin IVA .En el caso de fluctuaciones de costes en el mercado, Seven Soluciones se reserva el derecho de modificar los precios.<\/p>\n<p><span class=\"Texto_M_Naranja\"><strong>Facturaci\u00f3n<\/strong><\/span><br \/>\nCualquier diferencia en factura se solucionar\u00e1 mediante factura rectificativa o abono, no modificando por ello el vencimiento original de la misma. Las incidencias en factura deber\u00e1n de comunicarse 30 DIAS antes del vencimiento. Para cualquier consulta sobre precios o facturaci\u00f3n deber\u00e1n dirigirse directamente a nuestro DEPARTAMENTO DE ATENCION AL CLIENTE, en el tel\u00e9fono <strong>902 760 158<\/strong> \u00f3 <strong>963 815 954<\/strong>.<\/p>\n<p><span class=\"Texto_M_Naranja\"><strong>Derecho de propiedad<\/strong><\/span><br \/>\nDe conformidad expresa, los productos suministrados ser\u00e1n de propiedad de Seven Soluciones hasta que el cobro est\u00e9 realizado, por lo que el cliente se compromete a devolverlo en el caso de no poder hacer frente al vencimiento de las facturas.<\/p>\n<p><span class=\"Texto_M_Naranja\"><strong>Reclamaciones &#8211; devoluciones de productos de cat\u00e1logo<\/strong><\/span><br \/>\nSi necesita efectuar una devoluci\u00f3n o una reclamaci\u00f3n puede contactar al tel\u00e9fono de atenci\u00f3n al cliente: <strong>902 760 158<\/strong> \u00f3 <strong>963 815 954 <\/strong>y facilitarle los siguientes datos:<br \/>\n\u00b7 Fecha de la compra<br \/>\n\u00b7 N\u00famero de pedido<br \/>\n\u00b7 Referencia del producto<br \/>\n\u00b7 Motivos de la devoluci\u00f3n<br \/>\n\u00b7 Persona a contactar<br \/>\n\u00b7 Si es posible copia de la factura y del albar\u00e1n de entrega deber\u00e1n ser efectuadas dentro de los 10 d\u00edas naturales desde la fecha indicada en el albar\u00e1n de entrega, <u>pasado dicho plazo no se admitir\u00e1n devoluciones. El producto deber\u00e1 ser devuelto en su embalaje original intacto. Atenci\u00f3n: los embalajes herm\u00e9ticos de los cartuchos de impresi\u00f3n no podr\u00e1n estar abiertos.<br \/>\n<\/u><br \/>\nToda devoluci\u00f3n de consumibles inform\u00e1ticos o materiales el\u00e9ctricos (impresoras, destructoras, retroproyectores, video proyectores, l\u00e1mparas, etc.) ser\u00e1n objeto de un estudio t\u00e9cnico antes de recibir conformidad. <b>Seven Soluciones, S.L.<\/b> no se responsabiliza de los da\u00f1os a terceros por causa de fuerza mayor. Igualmente no nos haremos responsables de las anomal\u00edas resultantes de una utilizaci\u00f3n incorrecta o de aquellos productos que hayan sido previamente utilizados.<\/p>\n<p><span class=\"Texto_M_Naranja\"><strong>Garant\u00eda<\/strong><\/span><br \/>\nNuestros productos con garant\u00eda se ajustar\u00e1n estrictamente a las normativas vigentes y contempladas por ley en la venta de bienes de consumo. No obstante ciertos productos pueden gozar de una garant\u00eda superior&#8230; lo comprobar\u00e1 f\u00e1cilmente mediante el pictograma situado al lado del producto.<br \/>\n3 a\u00f1os de garant\u00eda<\/p>\n<p><span class=\"Texto_M_Naranja\"><strong>Protecci\u00f3n de datos de car\u00e1cter personal<\/strong><\/span><br \/>\nEn cumplimiento con lo dispuesto en la legislaci\u00f3n de protecci\u00f3n de datos de car\u00e1cter personal, le informamos de que sus datos personales as\u00ed como todos aquellos que derivan de las relaciones neg\u00f3ciales que Vd. mantenga con <strong>Seven Soluciones, S.L.<\/strong>, se incorporar\u00e1n en un fichero de esta Compa\u00f1\u00eda, cuyo objetivo es facilitar la gesti\u00f3n contable, fiscal y administrativa de dichas relaciones neg\u00f3ciales. Por otro lado, mediante la contrataci\u00f3n con <strong>Seven Soluciones, S.L.<\/strong> Vd. estar\u00e1 consintiendo en que todos sus datos puedan ser conservados y tratados para mantenerle informado de los nuevos productos y servicios de la Compa\u00f1\u00eda.<br \/>\nCualquier alteraci\u00f3n que Vd. sufra en los datos personales que ha facilitado a esta Compa\u00f1\u00eda, deber\u00e1 comunicarla a la misma a la mayor brevedad posible.<br \/>\n<strong>Seven Soluciones, S.L.<\/strong> se compromete a respetar y facilitar el ejercicio de los derechos, rectificaci\u00f3n, cancelaci\u00f3n y oposici\u00f3n dentro de los l\u00edmites previstos en la legislaci\u00f3n de protecci\u00f3n de datos.<\/p>\n<p class=\"Texto_M_Negro\">Para ejercitar estos derechos y para cualquier aclaraci\u00f3n Vd. podr\u00e1 dirigirse a nuestro Servicio de Atenci\u00f3n al Cliente<br \/>\n<strong>(902 760 158 \u00f3 963 815 954)<\/strong><\/p>\n","protected":false},"excerpt":{"rendered":"<p>Condiciones generales de venta Nuestras ventas est\u00e1n sujetas a las condiciones generales que se exponen a continuaci\u00f3n: Condiciones de pago El pago puede realizarse eligiendo cualquiera de las modalidades siguientes: A. Contra reembolso, con recargo del 5% y un m\u00ednimo de 3 euros, sin IVA, sobre el valor total del [&hellip;]<\/p>\n","protected":false},"author":2,"featured_media":0,"parent":0,"menu_order":7,"comment_status":"closed","ping_status":"closed","template":"","meta":[],"_links":{"self":[{"href":"https:\/\/sevensoluciones.com\/index.php?rest_route=\/wp\/v2\/pages\/106"}],"collection":[{"href":"https:\/\/sevensoluciones.com\/index.php?rest_route=\/wp\/v2\/pages"}],"about":[{"href":"https:\/\/sevensoluciones.com\/index.php?rest_route=\/wp\/v2\/types\/page"}],"author":[{"embeddable":true,"href":"https:\/\/sevensoluciones.com\/index.php?rest_route=\/wp\/v2\/users\/2"}],"replies":[{"embeddable":true,"href":"https:\/\/sevensoluciones.com\/index.php?rest_route=%2Fwp%2Fv2%2Fcomments&post=106"}],"version-history":[{"count":1,"href":"https:\/\/sevensoluciones.com\/index.php?rest_route=\/wp\/v2\/pages\/106\/revisions"}],"predecessor-version":[{"id":161,"href":"https:\/\/sevensoluciones.com\/index.php?rest_route=\/wp\/v2\/pages\/106\/revisions\/161"}],"wp:attachment":[{"href":"https:\/\/sevensoluciones.com\/index.php?rest_route=%2Fwp%2Fv2%2Fmedia&parent=106"}],"curies":[{"name":"wp","href":"https:\/\/api.w.org\/{rel}","templated":true}]}}