{"id":262,"date":"2019-05-14T17:14:24","date_gmt":"2019-05-14T17:14:24","guid":{"rendered":"http:\/\/sevensoluciones.com\/wordpress\/?page_id=262"},"modified":"2019-05-16T16:50:33","modified_gmt":"2019-05-16T16:50:33","slug":"realizamos-cualquier-tipo-de-trabajo-de-imprenta-en-off-set-o-digital","status":"publish","type":"page","link":"https:\/\/sevensoluciones.com\/?page_id=262","title":{"rendered":"Impresi\u00f3n"},"content":{"rendered":"\r\n<p>Tambi\u00e9n realizamos trabajos en serigraf\u00eda y l\u00e1ser para personalizar cualquier art\u00edculo para congresos, regalo de empresa, etc&#8230; En nuestra secci\u00f3n de reclamo publicitario podr\u00e1 encontrar cientos de art\u00edculos con posibilidad de marcaje.<\/p>\r\n\r\n\r\n\r\n<p>Otro servicio de\u00a0<strong>Seven<\/strong>\u00a0es la rotulaci\u00f3n en vinilo, para su empresa, flota de veh\u00edculos, vallas publicitarias, carteler\u00eda y se\u00f1alizaci\u00f3n.<br \/><br \/><\/p>\r\n\r\n\r\n\r\n<table class=\"wp-block-table aligncenter is-style-regular\" style=\"width: 302px;\">\r\n<tbody>\r\n<tr>\r\n<td style=\"width: 182px;\"><img loading=\"lazy\" width=\"225\" height=\"261\" class=\"wp-image-265\" style=\"width: 250px;\" src=\"http:\/\/sevensoluciones.com\/wordpress\/wp-content\/uploads\/2019\/05\/Triptico.png\" alt=\"\" \/><\/td>\r\n<td style=\"width: 106px;\"><br \/><br \/><br \/><strong>Tr\u00edpticos \/ Folletos<\/strong> <\/td>\r\n<\/tr>\r\n<tr>\r\n<td style=\"width: 182px;\"><br \/><img loading=\"lazy\" width=\"225\" height=\"225\" class=\"wp-image-263\" style=\"width: 250px;\" src=\"http:\/\/sevensoluciones.com\/wordpress\/wp-content\/uploads\/2019\/05\/Sobres.png\" alt=\"\" srcset=\"https:\/\/sevensoluciones.com\/wp-content\/uploads\/2019\/05\/Sobres.png 225w, https:\/\/sevensoluciones.com\/wp-content\/uploads\/2019\/05\/Sobres-150x150.png 150w\" sizes=\"(max-width: 225px) 100vw, 225px\" \/><\/td>\r\n<td style=\"width: 106px;\"><br \/><strong>Sobres \/ Cartas<\/strong><\/td>\r\n<\/tr>\r\n<tr>\r\n<td style=\"width: 182px;\"><img loading=\"lazy\" width=\"225\" height=\"153\" class=\"wp-image-264\" style=\"width: 250px;\" src=\"http:\/\/sevensoluciones.com\/wordpress\/wp-content\/uploads\/2019\/05\/Tarjeta.png\" alt=\"\" \/><\/td>\r\n<td style=\"width: 106px;\"><br \/><strong>Tarjetas<\/strong><\/td>\r\n<\/tr>\r\n<tr>\r\n<td style=\"width: 182px;\"><img loading=\"lazy\" width=\"225\" height=\"250\" class=\"wp-image-266\" style=\"width: 250px;\" src=\"http:\/\/sevensoluciones.com\/wordpress\/wp-content\/uploads\/2019\/05\/Valla.png\" alt=\"\" \/><\/td>\r\n<td style=\"width: 106px;\"><br \/><strong>Carteles publicitarios<\/strong> <\/td>\r\n<\/tr>\r\n<\/tbody>\r\n<\/table>\r\n","protected":false},"excerpt":{"rendered":"<p>Tambi\u00e9n realizamos trabajos en serigraf\u00eda y l\u00e1ser para personalizar cualquier art\u00edculo para congresos, regalo de empresa, etc&#8230; En nuestra secci\u00f3n de reclamo publicitario podr\u00e1 encontrar cientos de art\u00edculos con posibilidad de marcaje. Otro servicio de\u00a0Seven\u00a0es la rotulaci\u00f3n en vinilo, para su empresa, flota de veh\u00edculos, vallas publicitarias, carteler\u00eda y se\u00f1alizaci\u00f3n. [&hellip;]<\/p>\n","protected":false},"author":2,"featured_media":0,"parent":0,"menu_order":0,"comment_status":"closed","ping_status":"closed","template":"","meta":[],"_links":{"self":[{"href":"https:\/\/sevensoluciones.com\/index.php?rest_route=\/wp\/v2\/pages\/262"}],"collection":[{"href":"https:\/\/sevensoluciones.com\/index.php?rest_route=\/wp\/v2\/pages"}],"about":[{"href":"https:\/\/sevensoluciones.com\/index.php?rest_route=\/wp\/v2\/types\/page"}],"author":[{"embeddable":true,"href":"https:\/\/sevensoluciones.com\/index.php?rest_route=\/wp\/v2\/users\/2"}],"replies":[{"embeddable":true,"href":"https:\/\/sevensoluciones.com\/index.php?rest_route=%2Fwp%2Fv2%2Fcomments&post=262"}],"version-history":[{"count":9,"href":"https:\/\/sevensoluciones.com\/index.php?rest_route=\/wp\/v2\/pages\/262\/revisions"}],"predecessor-version":[{"id":313,"href":"https:\/\/sevensoluciones.com\/index.php?rest_route=\/wp\/v2\/pages\/262\/revisions\/313"}],"wp:attachment":[{"href":"https:\/\/sevensoluciones.com\/index.php?rest_route=%2Fwp%2Fv2%2Fmedia&parent=262"}],"curies":[{"name":"wp","href":"https:\/\/api.w.org\/{rel}","templated":true}]}}