{"id":277,"date":"2019-05-14T18:04:53","date_gmt":"2019-05-14T18:04:53","guid":{"rendered":"http:\/\/sevensoluciones.com\/wordpress\/?page_id=277"},"modified":"2019-05-14T18:05:58","modified_gmt":"2019-05-14T18:05:58","slug":"carpetas-y-cajas-para-proyectos","status":"publish","type":"page","link":"https:\/\/sevensoluciones.com\/?page_id=277","title":{"rendered":"Material proyectos"},"content":{"rendered":"\n<p>\n\nDisponemos de todo el material necesario para proyectos t\u00e9cnicos; p\u00eddanos presupuesto personalizado de papeles especiales para plotter y de sistemas de encuadernaci\u00f3n y presentaci\u00f3n.\n\n<\/p>\n\n\n\n<p><\/p>\n\n\n\n<ul class=\"wp-block-gallery columns-3 is-cropped\"><li class=\"blocks-gallery-item\"><figure><img loading=\"lazy\" width=\"450\" height=\"685\" src=\"http:\/\/sevensoluciones.com\/wordpress\/wp-content\/uploads\/2019\/05\/Catalogo-6.png\" alt=\"\" data-id=\"291\" data-link=\"http:\/\/sevensoluciones.com\/wordpress\/?attachment_id=291\" class=\"wp-image-291\" srcset=\"https:\/\/sevensoluciones.com\/wp-content\/uploads\/2019\/05\/Catalogo-6.png 450w, https:\/\/sevensoluciones.com\/wp-content\/uploads\/2019\/05\/Catalogo-6-197x300.png 197w\" sizes=\"(max-width: 450px) 100vw, 450px\" \/><\/figure><\/li><li class=\"blocks-gallery-item\"><figure><img loading=\"lazy\" width=\"450\" height=\"694\" src=\"http:\/\/sevensoluciones.com\/wordpress\/wp-content\/uploads\/2019\/05\/Catalogo-7.png\" alt=\"\" data-id=\"278\" data-link=\"http:\/\/sevensoluciones.com\/wordpress\/?attachment_id=278\" class=\"wp-image-278\" srcset=\"https:\/\/sevensoluciones.com\/wp-content\/uploads\/2019\/05\/Catalogo-7.png 450w, https:\/\/sevensoluciones.com\/wp-content\/uploads\/2019\/05\/Catalogo-7-195x300.png 195w\" sizes=\"(max-width: 450px) 100vw, 450px\" \/><\/figure><\/li><li class=\"blocks-gallery-item\"><figure><img loading=\"lazy\" width=\"450\" height=\"681\" src=\"http:\/\/sevensoluciones.com\/wordpress\/wp-content\/uploads\/2019\/05\/Catalogo-8.png\" alt=\"\" data-id=\"279\" data-link=\"http:\/\/sevensoluciones.com\/wordpress\/?attachment_id=279\" class=\"wp-image-279\" srcset=\"https:\/\/sevensoluciones.com\/wp-content\/uploads\/2019\/05\/Catalogo-8.png 450w, https:\/\/sevensoluciones.com\/wp-content\/uploads\/2019\/05\/Catalogo-8-198x300.png 198w\" sizes=\"(max-width: 450px) 100vw, 450px\" \/><\/figure><\/li><li class=\"blocks-gallery-item\"><figure><img loading=\"lazy\" width=\"450\" height=\"694\" src=\"http:\/\/sevensoluciones.com\/wordpress\/wp-content\/uploads\/2019\/05\/Catalogo-9.png\" alt=\"\" data-id=\"281\" data-link=\"http:\/\/sevensoluciones.com\/wordpress\/?attachment_id=281\" class=\"wp-image-281\" srcset=\"https:\/\/sevensoluciones.com\/wp-content\/uploads\/2019\/05\/Catalogo-9.png 450w, https:\/\/sevensoluciones.com\/wp-content\/uploads\/2019\/05\/Catalogo-9-195x300.png 195w\" sizes=\"(max-width: 450px) 100vw, 450px\" \/><\/figure><\/li><li class=\"blocks-gallery-item\"><figure><img loading=\"lazy\" width=\"450\" height=\"675\" src=\"http:\/\/sevensoluciones.com\/wordpress\/wp-content\/uploads\/2019\/05\/Catalogo-10.png\" alt=\"\" data-id=\"282\" data-link=\"http:\/\/sevensoluciones.com\/wordpress\/?attachment_id=282\" class=\"wp-image-282\" srcset=\"https:\/\/sevensoluciones.com\/wp-content\/uploads\/2019\/05\/Catalogo-10.png 450w, https:\/\/sevensoluciones.com\/wp-content\/uploads\/2019\/05\/Catalogo-10-200x300.png 200w\" sizes=\"(max-width: 450px) 100vw, 450px\" \/><\/figure><\/li><li class=\"blocks-gallery-item\"><figure><img loading=\"lazy\" width=\"450\" height=\"694\" src=\"http:\/\/sevensoluciones.com\/wordpress\/wp-content\/uploads\/2019\/05\/Catalogo-11.png\" alt=\"\" data-id=\"283\" data-link=\"http:\/\/sevensoluciones.com\/wordpress\/?attachment_id=283\" class=\"wp-image-283\" srcset=\"https:\/\/sevensoluciones.com\/wp-content\/uploads\/2019\/05\/Catalogo-11.png 450w, https:\/\/sevensoluciones.com\/wp-content\/uploads\/2019\/05\/Catalogo-11-195x300.png 195w\" sizes=\"(max-width: 450px) 100vw, 450px\" \/><\/figure><\/li><li class=\"blocks-gallery-item\"><figure><img loading=\"lazy\" width=\"450\" height=\"678\" src=\"http:\/\/sevensoluciones.com\/wordpress\/wp-content\/uploads\/2019\/05\/Catalogo-12.png\" alt=\"\" data-id=\"284\" data-link=\"http:\/\/sevensoluciones.com\/wordpress\/?attachment_id=284\" class=\"wp-image-284\" srcset=\"https:\/\/sevensoluciones.com\/wp-content\/uploads\/2019\/05\/Catalogo-12.png 450w, https:\/\/sevensoluciones.com\/wp-content\/uploads\/2019\/05\/Catalogo-12-199x300.png 199w\" sizes=\"(max-width: 450px) 100vw, 450px\" \/><\/figure><\/li><li class=\"blocks-gallery-item\"><figure><img loading=\"lazy\" width=\"450\" height=\"694\" src=\"http:\/\/sevensoluciones.com\/wordpress\/wp-content\/uploads\/2019\/05\/Catalogo-13.png\" alt=\"\" data-id=\"285\" data-link=\"http:\/\/sevensoluciones.com\/wordpress\/?attachment_id=285\" class=\"wp-image-285\" srcset=\"https:\/\/sevensoluciones.com\/wp-content\/uploads\/2019\/05\/Catalogo-13.png 450w, https:\/\/sevensoluciones.com\/wp-content\/uploads\/2019\/05\/Catalogo-13-195x300.png 195w\" sizes=\"(max-width: 450px) 100vw, 450px\" \/><\/figure><\/li><li class=\"blocks-gallery-item\"><figure><img loading=\"lazy\" width=\"450\" height=\"677\" src=\"http:\/\/sevensoluciones.com\/wordpress\/wp-content\/uploads\/2019\/05\/Catalogo-14.png\" alt=\"\" data-id=\"286\" data-link=\"http:\/\/sevensoluciones.com\/wordpress\/?attachment_id=286\" class=\"wp-image-286\" srcset=\"https:\/\/sevensoluciones.com\/wp-content\/uploads\/2019\/05\/Catalogo-14.png 450w, https:\/\/sevensoluciones.com\/wp-content\/uploads\/2019\/05\/Catalogo-14-199x300.png 199w\" sizes=\"(max-width: 450px) 100vw, 450px\" \/><\/figure><\/li><li class=\"blocks-gallery-item\"><figure><img loading=\"lazy\" width=\"450\" height=\"694\" src=\"http:\/\/sevensoluciones.com\/wordpress\/wp-content\/uploads\/2019\/05\/Catalogo-15.png\" alt=\"\" data-id=\"287\" data-link=\"http:\/\/sevensoluciones.com\/wordpress\/?attachment_id=287\" class=\"wp-image-287\" srcset=\"https:\/\/sevensoluciones.com\/wp-content\/uploads\/2019\/05\/Catalogo-15.png 450w, https:\/\/sevensoluciones.com\/wp-content\/uploads\/2019\/05\/Catalogo-15-195x300.png 195w\" sizes=\"(max-width: 450px) 100vw, 450px\" \/><\/figure><\/li><li class=\"blocks-gallery-item\"><figure><img loading=\"lazy\" width=\"450\" height=\"678\" src=\"http:\/\/sevensoluciones.com\/wordpress\/wp-content\/uploads\/2019\/05\/Catalogo-16.png\" alt=\"\" data-id=\"288\" data-link=\"http:\/\/sevensoluciones.com\/wordpress\/?attachment_id=288\" class=\"wp-image-288\" srcset=\"https:\/\/sevensoluciones.com\/wp-content\/uploads\/2019\/05\/Catalogo-16.png 450w, https:\/\/sevensoluciones.com\/wp-content\/uploads\/2019\/05\/Catalogo-16-199x300.png 199w\" sizes=\"(max-width: 450px) 100vw, 450px\" \/><\/figure><\/li><li class=\"blocks-gallery-item\"><figure><img loading=\"lazy\" width=\"450\" height=\"613\" src=\"http:\/\/sevensoluciones.com\/wordpress\/wp-content\/uploads\/2019\/05\/Catalogo-17.png\" alt=\"\" data-id=\"289\" data-link=\"http:\/\/sevensoluciones.com\/wordpress\/?attachment_id=289\" class=\"wp-image-289\" srcset=\"https:\/\/sevensoluciones.com\/wp-content\/uploads\/2019\/05\/Catalogo-17.png 450w, https:\/\/sevensoluciones.com\/wp-content\/uploads\/2019\/05\/Catalogo-17-220x300.png 220w\" sizes=\"(max-width: 450px) 100vw, 450px\" \/><\/figure><\/li><\/ul>\n","protected":false},"excerpt":{"rendered":"<p>Disponemos de todo el material necesario para proyectos t\u00e9cnicos; p\u00eddanos presupuesto personalizado de papeles especiales para plotter y de sistemas de encuadernaci\u00f3n y presentaci\u00f3n.<\/p>\n","protected":false},"author":2,"featured_media":0,"parent":0,"menu_order":0,"comment_status":"closed","ping_status":"closed","template":"","meta":[],"_links":{"self":[{"href":"https:\/\/sevensoluciones.com\/index.php?rest_route=\/wp\/v2\/pages\/277"}],"collection":[{"href":"https:\/\/sevensoluciones.com\/index.php?rest_route=\/wp\/v2\/pages"}],"about":[{"href":"https:\/\/sevensoluciones.com\/index.php?rest_route=\/wp\/v2\/types\/page"}],"author":[{"embeddable":true,"href":"https:\/\/sevensoluciones.com\/index.php?rest_route=\/wp\/v2\/users\/2"}],"replies":[{"embeddable":true,"href":"https:\/\/sevensoluciones.com\/index.php?rest_route=%2Fwp%2Fv2%2Fcomments&post=277"}],"version-history":[{"count":4,"href":"https:\/\/sevensoluciones.com\/index.php?rest_route=\/wp\/v2\/pages\/277\/revisions"}],"predecessor-version":[{"id":293,"href":"https:\/\/sevensoluciones.com\/index.php?rest_route=\/wp\/v2\/pages\/277\/revisions\/293"}],"wp:attachment":[{"href":"https:\/\/sevensoluciones.com\/index.php?rest_route=%2Fwp%2Fv2%2Fmedia&parent=277"}],"curies":[{"name":"wp","href":"https:\/\/api.w.org\/{rel}","templated":true}]}}