{"id":296,"date":"2019-05-16T16:29:40","date_gmt":"2019-05-16T16:29:40","guid":{"rendered":"http:\/\/sevensoluciones.com\/wordpress\/?page_id=296"},"modified":"2019-05-16T16:48:16","modified_gmt":"2019-05-16T16:48:16","slug":"soluciones-audiovisuales","status":"publish","type":"page","link":"https:\/\/sevensoluciones.com\/?page_id=296","title":{"rendered":"Audiovisuales"},"content":{"rendered":"\n<p>\n\nEn este cat\u00e1logo encontrar\u00e1 todos los elementos necesaros para equipar su sala de reuniones. Le proponemos un ejemplo de la sala audiovisual donde encontrar\u00e1 de forma clara y visual todo aquello que Ud. necesita. Disponemos de la soluci\u00f3n completa para cbrir todas sus necesidades, desde el asesoramiento personalizado en la selecci\u00f3n de los elementos hasta la instalaci\u00f3n profesional en su propia ciudad.<\/p>\n\n\n\n<p><\/p>\n\n\n\n<table class=\"wp-block-table\"><tbody><tr><td><strong>&#8211; Proyectores de datos y video<\/strong><\/td><td><strong>&#8211; Pizarra y panel interactivos<\/strong><\/td><td><strong>&#8211; Soportes para proyectores<\/strong><\/td><\/tr><tr><td><strong>&#8211; Pantallas de plasma y LCD<\/strong><\/td><td><strong>&#8211; Pizarras copiadoras<\/strong><\/td><td><strong>&#8211; Soportes de monitores de plasma<\/strong><\/td><\/tr><tr><td><strong>&#8211; Soluciones videoconferencia y audioconferencia<\/strong><\/td><td><strong>&#8211; Visualizadores de documentos<\/strong><\/td><td><strong>&#8211; Pantallas de proyecci\u00f3n<\/strong><\/td><\/tr><\/tbody><\/table>\n\n\n\n<figure class=\"wp-block-image\"><img loading=\"lazy\" width=\"995\" height=\"1000\" src=\"http:\/\/sevensoluciones.com\/wordpress\/wp-content\/uploads\/2019\/05\/Imagen_1.jpg\" alt=\"\" class=\"wp-image-299\" srcset=\"https:\/\/sevensoluciones.com\/wp-content\/uploads\/2019\/05\/Imagen_1.jpg 995w, https:\/\/sevensoluciones.com\/wp-content\/uploads\/2019\/05\/Imagen_1-150x150.jpg 150w, https:\/\/sevensoluciones.com\/wp-content\/uploads\/2019\/05\/Imagen_1-768x772.jpg 768w, https:\/\/sevensoluciones.com\/wp-content\/uploads\/2019\/05\/Imagen_1-600x603.jpg 600w\" sizes=\"(max-width: 995px) 100vw, 995px\" \/><\/figure>\n\n\n\n<h3><strong><span style=\"color:#ff6900\" class=\"tadv-color\">Sala de interactivos<\/span><\/strong><span style=\"color:#ff6900\" class=\"tadv-color\">\u00a0 <\/span><\/h3>\n\n\n\n<p>\n\n Disponemos de todos los elementos audiovisuales necesarios para equipar su aula interactiva o su sala de formaci\u00f3n, tanto de su propia empresa como de un centro docente. Desde pizarras interactivas y monitores t\u00e1ctiles interactivos hasta pantallas planas con marcos t\u00e1ctiles interactivos. \n\n<\/p>\n\n\n\n<ul class=\"wp-block-gallery aligncenter columns-2 is-cropped\"><li class=\"blocks-gallery-item\"><figure><img loading=\"lazy\" width=\"490\" height=\"383\" src=\"http:\/\/sevensoluciones.com\/wordpress\/wp-content\/uploads\/2019\/05\/Imagen_5.jpg\" alt=\"\" data-id=\"301\" data-link=\"http:\/\/sevensoluciones.com\/wordpress\/?attachment_id=301\" class=\"wp-image-301\" srcset=\"https:\/\/sevensoluciones.com\/wp-content\/uploads\/2019\/05\/Imagen_5.jpg 490w, https:\/\/sevensoluciones.com\/wp-content\/uploads\/2019\/05\/Imagen_5-300x234.jpg 300w\" sizes=\"(max-width: 490px) 100vw, 490px\" \/><\/figure><\/li><li class=\"blocks-gallery-item\"><figure><img loading=\"lazy\" width=\"490\" height=\"383\" src=\"http:\/\/sevensoluciones.com\/wordpress\/wp-content\/uploads\/2019\/05\/Imagen_4.jpg\" alt=\"\" data-id=\"300\" data-link=\"http:\/\/sevensoluciones.com\/wordpress\/?attachment_id=300\" class=\"wp-image-300\" srcset=\"https:\/\/sevensoluciones.com\/wp-content\/uploads\/2019\/05\/Imagen_4.jpg 490w, https:\/\/sevensoluciones.com\/wp-content\/uploads\/2019\/05\/Imagen_4-300x234.jpg 300w\" sizes=\"(max-width: 490px) 100vw, 490px\" \/><\/figure><\/li><\/ul>\n\n\n\n<h3>  <strong><span style=\"color:#ff6900\" class=\"tadv-color\">Sala de formaci\u00f3n<\/span><\/strong>\u00a0 <\/h3>\n\n\n\n<figure class=\"wp-block-image is-resized\"><img loading=\"lazy\" src=\"http:\/\/sevensoluciones.com\/wordpress\/wp-content\/uploads\/2019\/05\/Imagen_6.jpg\" alt=\"\" class=\"wp-image-302\" width=\"593\" height=\"336\" srcset=\"https:\/\/sevensoluciones.com\/wp-content\/uploads\/2019\/05\/Imagen_6.jpg 995w, https:\/\/sevensoluciones.com\/wp-content\/uploads\/2019\/05\/Imagen_6-300x171.jpg 300w, https:\/\/sevensoluciones.com\/wp-content\/uploads\/2019\/05\/Imagen_6-768x437.jpg 768w, https:\/\/sevensoluciones.com\/wp-content\/uploads\/2019\/05\/Imagen_6-600x341.jpg 600w\" sizes=\"(max-width: 593px) 100vw, 593px\" \/><\/figure>\n\n\n\n<h3> <strong><span style=\"color:#ff6900\" class=\"tadv-color\">Soluciones Audiovisuales<\/span><\/strong> <\/h3>\n\n\n\n<p>\n\n&nbsp;&#8211; Instalaci\u00f3n de sistemas de presentaci\u00f3n (proyecci\u00f3n, display, etc&#8230;) y perif\u00e9ricos de gesti\u00f3n de imagen y control en auditorios, salas de juntas y entornos corporativos en general.&nbsp;<br>&nbsp;&#8211; Soluciones completas de control y gesti\u00f3n de imagen para centros de ocio, discotecas, museos. Sistemas de deformaci\u00f3n de la imagen y sincronizaci\u00f3n de proyecciones.&nbsp;<br>&nbsp;&#8211; Sistemas de 3D activo y pasivo. Componentes auxiliares para la esteroscopia y similares.&nbsp;<br>&nbsp;&#8211; Sistemas de proyecci\u00f3n y videowall para sala de control. Procesadores de v\u00eddeo y equipos de alta disponibilidad.&nbsp;<br>&nbsp;&#8211; Sistemas de alta proyecci\u00f3n para el mercado de alquiler. Procesadores de directo y equipos auxiliares.&nbsp;<br>&nbsp;&#8211; Servicios de valor a\u00f1adido apara el profesional de este mercado.&nbsp;<br>&nbsp;&#8211; Desarrollo de soluciones complejas en el entorno audiovisual. Proyectos y sistemas innovadores en una gran variedad de campos y aplicaciones.&nbsp;<br>&nbsp;&#8211; Integraciones espec\u00edficas para entornos concretos. Soluciones a medida.&nbsp;\n\n<\/p>\n\n\n\n<h3> <br><strong><span style=\"color:#ff6900\" class=\"tadv-color\">Soluciones de control y gesti\u00f3n de imagen para museos<\/span><\/strong>\u00a0 <\/h3>\n\n\n\n<figure class=\"wp-block-image is-resized\"><img loading=\"lazy\" src=\"http:\/\/sevensoluciones.com\/wordpress\/wp-content\/uploads\/2019\/05\/Imagen_8.jpg\" alt=\"\" class=\"wp-image-305\" width=\"604\" height=\"594\" srcset=\"https:\/\/sevensoluciones.com\/wp-content\/uploads\/2019\/05\/Imagen_8.jpg 985w, https:\/\/sevensoluciones.com\/wp-content\/uploads\/2019\/05\/Imagen_8-300x295.jpg 300w, https:\/\/sevensoluciones.com\/wp-content\/uploads\/2019\/05\/Imagen_8-768x756.jpg 768w, https:\/\/sevensoluciones.com\/wp-content\/uploads\/2019\/05\/Imagen_8-600x590.jpg 600w\" sizes=\"(max-width: 604px) 100vw, 604px\" \/><\/figure>\n","protected":false},"excerpt":{"rendered":"<p>En este cat\u00e1logo encontrar\u00e1 todos los elementos necesaros para equipar su sala de reuniones. Le proponemos un ejemplo de la sala audiovisual donde encontrar\u00e1 de forma clara y visual todo aquello que Ud. necesita. Disponemos de la soluci\u00f3n completa para cbrir todas sus necesidades, desde el asesoramiento personalizado en la [&hellip;]<\/p>\n","protected":false},"author":2,"featured_media":0,"parent":0,"menu_order":0,"comment_status":"closed","ping_status":"closed","template":"","meta":[],"_links":{"self":[{"href":"https:\/\/sevensoluciones.com\/index.php?rest_route=\/wp\/v2\/pages\/296"}],"collection":[{"href":"https:\/\/sevensoluciones.com\/index.php?rest_route=\/wp\/v2\/pages"}],"about":[{"href":"https:\/\/sevensoluciones.com\/index.php?rest_route=\/wp\/v2\/types\/page"}],"author":[{"embeddable":true,"href":"https:\/\/sevensoluciones.com\/index.php?rest_route=\/wp\/v2\/users\/2"}],"replies":[{"embeddable":true,"href":"https:\/\/sevensoluciones.com\/index.php?rest_route=%2Fwp%2Fv2%2Fcomments&post=296"}],"version-history":[{"count":7,"href":"https:\/\/sevensoluciones.com\/index.php?rest_route=\/wp\/v2\/pages\/296\/revisions"}],"predecessor-version":[{"id":312,"href":"https:\/\/sevensoluciones.com\/index.php?rest_route=\/wp\/v2\/pages\/296\/revisions\/312"}],"wp:attachment":[{"href":"https:\/\/sevensoluciones.com\/index.php?rest_route=%2Fwp%2Fv2%2Fmedia&parent=296"}],"curies":[{"name":"wp","href":"https:\/\/api.w.org\/{rel}","templated":true}]}}