{"id":86,"date":"2017-06-13T10:00:44","date_gmt":"2017-06-13T10:00:44","guid":{"rendered":"http:\/\/localhost\/wordpress\/?page_id=86"},"modified":"2019-09-10T10:54:41","modified_gmt":"2019-09-10T10:54:41","slug":"blog","status":"publish","type":"page","link":"https:\/\/sevensoluciones.com\/?page_id=86","title":{"rendered":"Servicios"},"content":{"rendered":"<p>M\u00e1s de 100.000 referencias para hacer su d\u00eda a d\u00eda m\u00e1s sencillo repartidas en nuestros 7 pilares del suministro integral:<\/p>\n<ol>\n<li>Papeler\u00eda y consumibles inform\u00e1ticos.<\/li>\n<li>Mobiliario y equipamiento de oficina.<\/li>\n<li>Impresi\u00f3n en offset, serigraf\u00eda, l\u00e1ser\u2026<\/li>\n<li>Reclamo publicitario.<\/li>\n<li>Material para proyectos t\u00e9cnicos.<\/li>\n<li>Soluciones audiovisuales.<\/li>\n<li>M\u00e1quinas de oficina.<\/li>\n<\/ol>\n<p>&nbsp;<\/p>\n","protected":false},"excerpt":{"rendered":"<p>M\u00e1s de 100.000 referencias para hacer su d\u00eda a d\u00eda m\u00e1s sencillo repartidas en nuestros 7 pilares del suministro integral: Papeler\u00eda y consumibles inform\u00e1ticos. Mobiliario y equipamiento de oficina. Impresi\u00f3n en offset, serigraf\u00eda, l\u00e1ser\u2026 Reclamo publicitario. Material para proyectos t\u00e9cnicos. Soluciones audiovisuales. M\u00e1quinas de oficina. &nbsp;<\/p>\n","protected":false},"author":2,"featured_media":0,"parent":0,"menu_order":4,"comment_status":"closed","ping_status":"closed","template":"","meta":[],"_links":{"self":[{"href":"https:\/\/sevensoluciones.com\/index.php?rest_route=\/wp\/v2\/pages\/86"}],"collection":[{"href":"https:\/\/sevensoluciones.com\/index.php?rest_route=\/wp\/v2\/pages"}],"about":[{"href":"https:\/\/sevensoluciones.com\/index.php?rest_route=\/wp\/v2\/types\/page"}],"author":[{"embeddable":true,"href":"https:\/\/sevensoluciones.com\/index.php?rest_route=\/wp\/v2\/users\/2"}],"replies":[{"embeddable":true,"href":"https:\/\/sevensoluciones.com\/index.php?rest_route=%2Fwp%2Fv2%2Fcomments&post=86"}],"version-history":[{"count":9,"href":"https:\/\/sevensoluciones.com\/index.php?rest_route=\/wp\/v2\/pages\/86\/revisions"}],"predecessor-version":[{"id":340,"href":"https:\/\/sevensoluciones.com\/index.php?rest_route=\/wp\/v2\/pages\/86\/revisions\/340"}],"wp:attachment":[{"href":"https:\/\/sevensoluciones.com\/index.php?rest_route=%2Fwp%2Fv2%2Fmedia&parent=86"}],"curies":[{"name":"wp","href":"https:\/\/api.w.org\/{rel}","templated":true}]}}